{"id":37,"date":"2019-07-02T12:19:50","date_gmt":"2019-07-02T12:19:50","guid":{"rendered":"http:\/\/suedpfalzhonig.de\/?page_id=37"},"modified":"2020-05-25T19:19:16","modified_gmt":"2020-05-25T19:19:16","slug":"meine-imkerei","status":"publish","type":"page","link":"https:\/\/suedpfalzhonig.de\/?page_id=37","title":{"rendered":"Meine Imkerei"},"content":{"rendered":"\t\t<div data-elementor-type=\"wp-post\" data-elementor-id=\"37\" class=\"elementor elementor-37\">\n\t\t\t\t\t\t<section class=\"elementor-section elementor-top-section elementor-element elementor-element-c04136c elementor-section-boxed elementor-section-height-default elementor-section-height-default\" data-id=\"c04136c\" data-element_type=\"section\">\n\t\t\t\t\t\t<div class=\"elementor-container elementor-column-gap-default\">\n\t\t\t\t\t<div class=\"elementor-column elementor-col-100 elementor-top-column elementor-element elementor-element-df4c8f3\" data-id=\"df4c8f3\" data-element_type=\"column\">\n\t\t\t<div class=\"elementor-widget-wrap elementor-element-populated\">\n\t\t\t\t\t\t<div class=\"elementor-element elementor-element-67dcdaf elementor-widget elementor-widget-heading\" data-id=\"67dcdaf\" data-element_type=\"widget\" data-widget_type=\"heading.default\">\n\t\t\t\t<div class=\"elementor-widget-container\">\n\t\t\t<h4 class=\"elementor-heading-title elementor-size-default\">Imkern in der S\u00fcdpfalz<\/h4>\t\t<\/div>\n\t\t\t\t<\/div>\n\t\t\t\t\t<\/div>\n\t\t<\/div>\n\t\t\t\t\t<\/div>\n\t\t<\/section>\n\t\t\t\t<section class=\"elementor-section elementor-top-section elementor-element elementor-element-f29fd73 elementor-section-boxed elementor-section-height-default elementor-section-height-default\" data-id=\"f29fd73\" data-element_type=\"section\">\n\t\t\t\t\t\t<div class=\"elementor-container elementor-column-gap-default\">\n\t\t\t\t\t<div class=\"elementor-column elementor-col-100 elementor-top-column elementor-element elementor-element-ec37acb\" data-id=\"ec37acb\" data-element_type=\"column\">\n\t\t\t<div class=\"elementor-widget-wrap elementor-element-populated\">\n\t\t\t\t\t\t<div class=\"elementor-element elementor-element-dcda358 elementor-widget elementor-widget-text-editor\" data-id=\"dcda358\" data-element_type=\"widget\" data-widget_type=\"text-editor.default\">\n\t\t\t\t<div class=\"elementor-widget-container\">\n\t\t\t\t\t\t\t<p><img fetchpriority=\"high\" decoding=\"async\" class=\"wp-image-48 size-medium alignleft\" src=\"http:\/\/suedpfalzhonig.de\/wp-content\/uploads\/2019\/07\/Mandelbluete-300x177.jpg\" alt=\"\" width=\"300\" height=\"177\" srcset=\"https:\/\/suedpfalzhonig.de\/wp-content\/uploads\/2019\/07\/Mandelbluete-300x177.jpg 300w, https:\/\/suedpfalzhonig.de\/wp-content\/uploads\/2019\/07\/Mandelbluete-230x136.jpg 230w, https:\/\/suedpfalzhonig.de\/wp-content\/uploads\/2019\/07\/Mandelbluete.jpg 350w\" sizes=\"(max-width: 300px) 100vw, 300px\" \/><strong>Die S\u00fcdpfalz<\/strong>, zwischen Neustadt an der Weinstra\u00dfe und der els\u00e4ssischen Grenze, ist eine au\u00dferordentlich fruchtbare Region f\u00fcr Wein-, Obst- und Gem\u00fcseanbau. Kurze und milde Winter erlauben sogar den Anbau von Feigen und anderen Pflanzen, die ansonsten eher im Mittelmeerraum beheimatet sind. Selbst Zitronen und Oliven als K\u00fcbelpflanzen gehalten, bringen durch die verh\u00e4ltnism\u00e4\u00dfig lange Vegetationsperioder reife Fr\u00fcchte hervor.\u00a0 In einem solchen Umfeld f\u00fchlen sich nicht nur Menschen, sondern auch Bienen\u00a0wohl.\u00a0<\/p><p><img decoding=\"async\" class=\"wp-image-53 alignright\" src=\"http:\/\/suedpfalzhonig.de\/wp-content\/uploads\/2019\/07\/DSC_3699-300x199.jpg\" alt=\"\" width=\"231\" height=\"153\" srcset=\"https:\/\/suedpfalzhonig.de\/wp-content\/uploads\/2019\/07\/DSC_3699-300x199.jpg 300w, https:\/\/suedpfalzhonig.de\/wp-content\/uploads\/2019\/07\/DSC_3699-230x152.jpg 230w, https:\/\/suedpfalzhonig.de\/wp-content\/uploads\/2019\/07\/DSC_3699.jpg 350w\" sizes=\"(max-width: 231px) 100vw, 231px\" \/><\/p><p>Bereits im Februar erwacht regelm\u00e4\u00dfig die Natur aus der Winterruhe, und die Bienen sammeln bei ihren ersten Flugstunden des Jahres Pollen von Kornellkirsche und Salweide. Und es geht anschlie\u00dfend gleich weiter mit dem Nektar aus der Mandelbl\u00fcte, deren leuchtendes Rosa sp\u00e4testens Anfang M\u00e4rz in der S\u00fcdpfalz allgegenw\u00e4rtig ist, bevor dann die allgemeine Obstbl\u00fcte einsetzt und den Bienen eine Menge Arbeit beschert.<br \/>Dieses fr\u00fche und reichhaltige Angebot an Nektar und Pollen verringert deutlich die Abh\u00e4ngigkeit der Bienen von Winterfuttergaben aus Zucker oder Weizensirup durch den Imker und f\u00fchrt so, bei sorgf\u00e4ltiger Bienenhaltung, zu sehr geringen Ausf\u00e4llen w\u00e4hrend der \u00dcberwinterung der Bienenv\u00f6lker.<\/p><p><img decoding=\"async\" class=\"wp-image-54 size-full aligncenter\" src=\"http:\/\/suedpfalzhonig.de\/wp-content\/uploads\/2019\/07\/Eidechse-2.jpg\" alt=\"\" width=\"350\" height=\"207\" srcset=\"https:\/\/suedpfalzhonig.de\/wp-content\/uploads\/2019\/07\/Eidechse-2.jpg 350w, https:\/\/suedpfalzhonig.de\/wp-content\/uploads\/2019\/07\/Eidechse-2-300x177.jpg 300w, https:\/\/suedpfalzhonig.de\/wp-content\/uploads\/2019\/07\/Eidechse-2-230x136.jpg 230w\" sizes=\"(max-width: 350px) 100vw, 350px\" \/><\/p><p>\u00a0<\/p>\t\t\t\t\t\t<\/div>\n\t\t\t\t<\/div>\n\t\t\t\t\t<\/div>\n\t\t<\/div>\n\t\t\t\t\t<\/div>\n\t\t<\/section>\n\t\t\t\t<section class=\"elementor-section elementor-top-section elementor-element elementor-element-4fa2b61 elementor-section-boxed elementor-section-height-default elementor-section-height-default\" data-id=\"4fa2b61\" data-element_type=\"section\">\n\t\t\t\t\t\t<div class=\"elementor-container elementor-column-gap-default\">\n\t\t\t\t\t<div class=\"elementor-column elementor-col-100 elementor-top-column elementor-element elementor-element-4c40f59\" data-id=\"4c40f59\" data-element_type=\"column\">\n\t\t\t<div class=\"elementor-widget-wrap elementor-element-populated\">\n\t\t\t\t\t\t<div class=\"elementor-element elementor-element-badbb80 elementor-widget elementor-widget-heading\" data-id=\"badbb80\" data-element_type=\"widget\" data-widget_type=\"heading.default\">\n\t\t\t\t<div class=\"elementor-widget-container\">\n\t\t\t<h4 class=\"elementor-heading-title elementor-size-default\">Meine Bienenst\u00e4nde<\/h4>\t\t<\/div>\n\t\t\t\t<\/div>\n\t\t\t\t\t<\/div>\n\t\t<\/div>\n\t\t\t\t\t<\/div>\n\t\t<\/section>\n\t\t\t\t<section class=\"elementor-section elementor-top-section elementor-element elementor-element-5907f9e elementor-section-boxed elementor-section-height-default elementor-section-height-default\" data-id=\"5907f9e\" data-element_type=\"section\">\n\t\t\t\t\t\t<div class=\"elementor-container elementor-column-gap-default\">\n\t\t\t\t\t<div class=\"elementor-column elementor-col-100 elementor-top-column elementor-element elementor-element-b2292a6\" data-id=\"b2292a6\" data-element_type=\"column\">\n\t\t\t<div class=\"elementor-widget-wrap elementor-element-populated\">\n\t\t\t\t\t\t<div class=\"elementor-element elementor-element-e052c41 elementor-widget elementor-widget-text-editor\" data-id=\"e052c41\" data-element_type=\"widget\" data-widget_type=\"text-editor.default\">\n\t\t\t\t<div class=\"elementor-widget-container\">\n\t\t\t\t\t\t\t<p>Meine Bienen sammeln Nektar und Bl\u00fctenpollen im Ranschbachtal, im Naturschutzgebiet der Kleinen Kalmit, den Reiterwiesen bei Landau und in den G\u00e4rten in und um Arzheim. Edelkastanienhonig gewinnen wir auf Stellpl\u00e4tzen im Bereich des s\u00fcdlichen Haardtrandes.<\/p>\n<p>Weitere Bienenst\u00e4nde habe ich bei Ne<img loading=\"lazy\" decoding=\"async\" class=\"size-medium wp-image-59 alignleft\" src=\"http:\/\/suedpfalzhonig.de\/wp-content\/uploads\/2019\/07\/DSC_3562-300x199.jpg\" alt=\"\" width=\"300\" height=\"199\" srcset=\"https:\/\/suedpfalzhonig.de\/wp-content\/uploads\/2019\/07\/DSC_3562-300x199.jpg 300w, https:\/\/suedpfalzhonig.de\/wp-content\/uploads\/2019\/07\/DSC_3562-230x152.jpg 230w, https:\/\/suedpfalzhonig.de\/wp-content\/uploads\/2019\/07\/DSC_3562.jpg 350w\" sizes=\"(max-width: 300px) 100vw, 300px\" \/>ustadt und nahe Niederotterbach.<\/p>\n<p>Die Bienenv\u00f6lker bleiben ganzj\u00e4hrig an diesen Pl\u00e4tzen, d. h. es erfolgt kein wandern&nbsp; zur Gewinnung von speziellen Sortenhonigen bzw. zur Ertragsoptimierung.&nbsp;<\/p>\n<p><\/p>\n<p><\/p>\t\t\t\t\t\t<\/div>\n\t\t\t\t<\/div>\n\t\t\t\t\t<\/div>\n\t\t<\/div>\n\t\t\t\t\t<\/div>\n\t\t<\/section>\n\t\t\t\t<section class=\"elementor-section elementor-top-section elementor-element elementor-element-8e640ae elementor-section-boxed elementor-section-height-default elementor-section-height-default\" data-id=\"8e640ae\" data-element_type=\"section\">\n\t\t\t\t\t\t<div class=\"elementor-container elementor-column-gap-default\">\n\t\t\t\t\t<div class=\"elementor-column elementor-col-100 elementor-top-column elementor-element elementor-element-957a2ec\" data-id=\"957a2ec\" data-element_type=\"column\">\n\t\t\t<div class=\"elementor-widget-wrap elementor-element-populated\">\n\t\t\t\t\t\t<div class=\"elementor-element elementor-element-52db9a9 elementor-widget elementor-widget-heading\" data-id=\"52db9a9\" data-element_type=\"widget\" data-widget_type=\"heading.default\">\n\t\t\t\t<div class=\"elementor-widget-container\">\n\t\t\t<h4 class=\"elementor-heading-title elementor-size-default\">Honiggewinnung<\/h4>\t\t<\/div>\n\t\t\t\t<\/div>\n\t\t\t\t\t<\/div>\n\t\t<\/div>\n\t\t\t\t\t<\/div>\n\t\t<\/section>\n\t\t\t\t<section class=\"elementor-section elementor-top-section elementor-element elementor-element-4c3446f elementor-section-boxed elementor-section-height-default elementor-section-height-default\" data-id=\"4c3446f\" data-element_type=\"section\">\n\t\t\t\t\t\t<div class=\"elementor-container elementor-column-gap-default\">\n\t\t\t\t\t<div class=\"elementor-column elementor-col-100 elementor-top-column elementor-element elementor-element-629de37\" data-id=\"629de37\" data-element_type=\"column\">\n\t\t\t<div class=\"elementor-widget-wrap elementor-element-populated\">\n\t\t\t\t\t\t<div class=\"elementor-element elementor-element-78e2b0a elementor-widget elementor-widget-text-editor\" data-id=\"78e2b0a\" data-element_type=\"widget\" data-widget_type=\"text-editor.default\">\n\t\t\t\t<div class=\"elementor-widget-container\">\n\t\t\t\t\t\t\t<p><img loading=\"lazy\" decoding=\"async\" class=\"size-medium wp-image-60 alignright\" src=\"http:\/\/suedpfalzhonig.de\/wp-content\/uploads\/2019\/07\/Entdeckeln-300x199.jpg\" alt=\"\" width=\"300\" height=\"199\" srcset=\"https:\/\/suedpfalzhonig.de\/wp-content\/uploads\/2019\/07\/Entdeckeln-300x199.jpg 300w, https:\/\/suedpfalzhonig.de\/wp-content\/uploads\/2019\/07\/Entdeckeln-230x152.jpg 230w, https:\/\/suedpfalzhonig.de\/wp-content\/uploads\/2019\/07\/Entdeckeln.jpg 350w\" sizes=\"(max-width: 300px) 100vw, 300px\" \/><\/p><p>\u00a0<\/p><p>Eine besonders schonende Honigverarbeitung garantiert einen nat\u00fcrlichen Gehalt an proteinreichem Bl\u00fctenpollen und Propolis mit antibiotischen Eigenschaften. Die Waben werden in stockwarmem Zustand geschleudert und der Honig wird ohne weitere Bearbeitung in Gl\u00e4ser abgef\u00fcllt. Auf diese Weise erhalten Sie einen naturbelassenen und unverf\u00e4lschten Honig mit allen wertvollen Inhaltsstoffen, die f\u00fcr den typischen Geschmack und die gesundheitsf\u00f6rdernde Wirkung dieses Produkts verantwortlich sind.<\/p><p><strong>Hinweise f\u00fcr den Verbraucher<\/strong><br \/>Unregelm\u00e4\u00dfig auftretende Kristallisation ist ein Zeichen der Naturbelassenheit des Honigs. <br \/>Sollte Ihnen der Honig zu fest werden, k\u00f6nnen Sie ihn im Wasserbad bei maximal 35\u00b0 C verfl\u00fcssigen. <br \/>Verwenden Sie keine Mikrowelle oder h\u00f6here Temperaturen, da sonst wichtige Inhaltsstoffe verloren gehen.<\/p><p>\u00a0<\/p>\t\t\t\t\t\t<\/div>\n\t\t\t\t<\/div>\n\t\t\t\t\t<\/div>\n\t\t<\/div>\n\t\t\t\t\t<\/div>\n\t\t<\/section>\n\t\t\t\t<section class=\"elementor-section elementor-top-section elementor-element elementor-element-28e9bc1 elementor-section-boxed elementor-section-height-default elementor-section-height-default\" data-id=\"28e9bc1\" data-element_type=\"section\">\n\t\t\t\t\t\t<div class=\"elementor-container elementor-column-gap-default\">\n\t\t\t\t\t<div class=\"elementor-column elementor-col-100 elementor-top-column elementor-element elementor-element-161dec3\" data-id=\"161dec3\" data-element_type=\"column\">\n\t\t\t<div class=\"elementor-widget-wrap elementor-element-populated\">\n\t\t\t\t\t\t<div class=\"elementor-element elementor-element-7fecc3c elementor-widget elementor-widget-heading\" data-id=\"7fecc3c\" data-element_type=\"widget\" data-widget_type=\"heading.default\">\n\t\t\t\t<div class=\"elementor-widget-container\">\n\t\t\t<h4 class=\"elementor-heading-title elementor-size-default\">Was meinen Bienen und mir wichtig ist:<\/h4>\t\t<\/div>\n\t\t\t\t<\/div>\n\t\t\t\t\t<\/div>\n\t\t<\/div>\n\t\t\t\t\t<\/div>\n\t\t<\/section>\n\t\t\t\t<section class=\"elementor-section elementor-top-section elementor-element elementor-element-f15234b elementor-section-boxed elementor-section-height-default elementor-section-height-default\" data-id=\"f15234b\" data-element_type=\"section\">\n\t\t\t\t\t\t<div class=\"elementor-container elementor-column-gap-default\">\n\t\t\t\t\t<div class=\"elementor-column elementor-col-100 elementor-top-column elementor-element elementor-element-d7b2a1d\" data-id=\"d7b2a1d\" data-element_type=\"column\">\n\t\t\t<div class=\"elementor-widget-wrap elementor-element-populated\">\n\t\t\t\t\t\t<div class=\"elementor-element elementor-element-ba46953 elementor-widget elementor-widget-text-editor\" data-id=\"ba46953\" data-element_type=\"widget\" data-widget_type=\"text-editor.default\">\n\t\t\t\t<div class=\"elementor-widget-container\">\n\t\t\t\t\t\t\t<ul style=\"font-weight: 400;\"><li>Alle Bienenwohnungen (Beuten) sind aus dem nat\u00fcrlichen Rohstoff Holz (ohne Anstrich) hergestellt.<\/li><li>Sch\u00e4dlingsbek\u00e4mpfung erfolgt ausschlie\u00dflich mit organischen S\u00e4uren (Milch- und Oxals\u00e4ure).<\/li><li>Die Bienen behalten einen hohen Anteil an eigenem Honig als Wintervorrat.<\/li><li>Ein eigener Wachskreislauf und h\u00e4ufige Wachserneuerung sch\u00fctzen vor Schadstoffeintrag.<\/li><li>Im Brutnest und im Honigraum wird viel Naturwabenbau (&gt;80%) zugelassen.<\/li><li>Meine Imkerei ist nicht auf maximalen Ertrag, sondern auf die Gesundheit der Bienen ausgerichtet.<\/li><li>Kein Anwandern von schadstoffbelasteten Massentrachten (Raps etc.).<\/li><li>Schwarmverhinderung erfolgt \u00fcber nat\u00fcrliche Ma\u00dfnahmen (Schwarmvorwegnahme)<\/li><li>Keine Ma\u00dfnahmen um Zuchtziele wie Ertragsmaximierung o. \u00e4. zu erreichen<\/li><\/ul>\t\t\t\t\t\t<\/div>\n\t\t\t\t<\/div>\n\t\t\t\t\t<\/div>\n\t\t<\/div>\n\t\t\t\t\t<\/div>\n\t\t<\/section>\n\t\t\t\t<\/div>\n\t\t","protected":false},"excerpt":{"rendered":"<p>Imkern in der S\u00fcdpfalz Die S\u00fcdpfalz, zwischen Neustadt an der Weinstra\u00dfe und der els\u00e4ssischen Grenze, ist eine au\u00dferordentlich fruchtbare Region f\u00fcr Wein-, Obst- und Gem\u00fcseanbau. Kurze und milde Winter erlauben sogar den Anbau von Feigen und anderen Pflanzen, die ansonsten eher im Mittelmeerraum beheimatet sind. Selbst Zitronen und Oliven als K\u00fcbelpflanzen gehalten, bringen durch die [&hellip;]<\/p>\n","protected":false},"author":1,"featured_media":0,"parent":0,"menu_order":0,"comment_status":"closed","ping_status":"closed","template":"page-templates\/page_fullwidth.php","meta":[],"_links":{"self":[{"href":"https:\/\/suedpfalzhonig.de\/index.php?rest_route=\/wp\/v2\/pages\/37"}],"collection":[{"href":"https:\/\/suedpfalzhonig.de\/index.php?rest_route=\/wp\/v2\/pages"}],"about":[{"href":"https:\/\/suedpfalzhonig.de\/index.php?rest_route=\/wp\/v2\/types\/page"}],"author":[{"embeddable":true,"href":"https:\/\/suedpfalzhonig.de\/index.php?rest_route=\/wp\/v2\/users\/1"}],"replies":[{"embeddable":true,"href":"https:\/\/suedpfalzhonig.de\/index.php?rest_route=%2Fwp%2Fv2%2Fcomments&post=37"}],"version-history":[{"count":7,"href":"https:\/\/suedpfalzhonig.de\/index.php?rest_route=\/wp\/v2\/pages\/37\/revisions"}],"predecessor-version":[{"id":187,"href":"https:\/\/suedpfalzhonig.de\/index.php?rest_route=\/wp\/v2\/pages\/37\/revisions\/187"}],"wp:attachment":[{"href":"https:\/\/suedpfalzhonig.de\/index.php?rest_route=%2Fwp%2Fv2%2Fmedia&parent=37"}],"curies":[{"name":"wp","href":"https:\/\/api.w.org\/{rel}","templated":true}]}}